{"id":345,"date":"2013-10-17T14:26:05","date_gmt":"2013-10-17T13:26:05","guid":{"rendered":"http:\/\/www.ergelis.com\/?page_id=345"},"modified":"2013-10-18T10:00:24","modified_gmt":"2013-10-18T09:00:24","slug":"345-2","status":"publish","type":"page","link":"https:\/\/www.ergelis.com\/en\/345-2\/","title":{"rendered":"Imprint"},"content":{"rendered":"<p>\u00a9 Copyright 2013 : Ergelis , all rights reserved .<\/p>\n<p>This site is the property of Ergelis . The whole site is covered by French and international legislation on copyright and intellectual property rights.<br \/>\nAll rights reserved, including iconographic and photographic representations. Reproduction of all or part of this site, on any medium is strictly prohibited, unless expressly authorized.<\/p>\n<p>The reproduction of texts on paper is authorized for educational purposes, subject to the following three conditions:<\/p>\n<ul>\n<li>free distribution<\/li>\n<li>respect for the integrity of the documents reproduced (no modifications or alterations )<\/li>\n<li>clear and legible from the source as follows : &#8220;Document from the site Internet www.ergelis.com Reproduction rights are reserved and strictly limited.&#8221;<\/li>\n<\/ul>\n<p><strong>Trademarks and trade names<\/strong><\/p>\n<p>The names, logos and other symbols used on this site, including logos and names &#8221; Ergelis &#8220;, &#8221; energy manager &#8220;, &#8221; energy rating &#8220;, &#8221; g\u00e9t\u00e9c\u00e9o &#8221; are trademarks and \/ or tradenames protected by law . Any use of these or similar signs is strictly prohibited without the prior written consent of Ergelis .<\/p>\n<p><strong>National Commission on Informatics and Liberties<\/strong><\/p>\n<p>To access our online services , certain personal information such as your name, your address, your occupation or your e -mail address is required .<br \/>\nIn accordance with the Data Protection Act , we inform you that the data required at the time of online registration or inquiries are necessary for handling your request . The information collected on this site is intended solely for Ergelis , which is responsible for their treatment.<\/p>\n<p>Pursuant to Article 34 of the law &#8221; Informatique et Libert\u00e9s&#8221; n \u00b0 78-17 of 6 January 1978, you have a right to access, modify , rectify and delete data concerning you.<br \/>\nTo do so, thank you to send your request to\u00a0<a href=\"mailto:contact@ergelis.com\">contact@ergelis.com<\/a><\/p>\n<p><strong>Responsibility<\/strong><\/p>\n<p>Ergelis disclaims any liability for the use that may be made of the information published on its website.<\/p>\n<p>We recall that the content of our site may contain technical inaccuracies, typographical errors or omissions , and that content can be changed or updated without notice.<\/p>\n<p>The site offers a number of links to other sites. It can in no way be held responsible for the content thereof , having no control over their content.<\/p>\n<p><strong>Credits<\/strong><\/p>\n<ul>\n<li>Publisher: Ergelis , 52 Avenue Aristide Briand, 92220 Bagneux , France<\/li>\n<li>Graphic : ABACA Studio <a href=\"http:\/\/www.abaca-studio.com\" target=\"_blank\">www.abaca-studio.com<\/a><\/li>\n<li>Website design: Antadis <a href=\"http:\/\/www.antadis.com\" target=\"_blank\">www.antadis.com<\/a><\/li>\n<li>Hosting: OVH<\/li>\n<\/ul>\n","protected":false},"excerpt":{"rendered":"<p>\u00a9 Copyright 2013 : Ergelis , all rights reserved . This site is the property of Ergelis . The whole [&hellip;]<\/p>\n","protected":false},"author":1,"featured_media":0,"parent":0,"menu_order":0,"comment_status":"closed","ping_status":"closed","template":"","meta":{"site-sidebar-layout":"default","site-content-layout":"","ast-site-content-layout":"default","site-content-style":"default","site-sidebar-style":"default","ast-global-header-display":"","ast-banner-title-visibility":"","ast-main-header-display":"","ast-hfb-above-header-display":"","ast-hfb-below-header-display":"","ast-hfb-mobile-header-display":"","site-post-title":"","ast-breadcrumbs-content":"","ast-featured-img":"","footer-sml-layout":"","theme-transparent-header-meta":"default","adv-header-id-meta":"","stick-header-meta":"","header-above-stick-meta":"","header-main-stick-meta":"","header-below-stick-meta":"","astra-migrate-meta-layouts":"default","ast-page-background-enabled":"default","ast-page-background-meta":{"desktop":{"background-color":"var(--ast-global-color-4)","background-image":"","background-repeat":"repeat","background-position":"center center","background-size":"auto","background-attachment":"scroll","background-type":"","background-media":"","overlay-type":"","overlay-color":"","overlay-gradient":""},"tablet":{"background-color":"","background-image":"","background-repeat":"repeat","background-position":"center center","background-size":"auto","background-attachment":"scroll","background-type":"","background-media":"","overlay-type":"","overlay-color":"","overlay-gradient":""},"mobile":{"background-color":"","background-image":"","background-repeat":"repeat","background-position":"center center","background-size":"auto","background-attachment":"scroll","background-type":"","background-media":"","overlay-type":"","overlay-color":"","overlay-gradient":""}},"ast-content-background-meta":{"desktop":{"background-color":"var(--ast-global-color-5)","background-image":"","background-repeat":"repeat","background-position":"center center","background-size":"auto","background-attachment":"scroll","background-type":"","background-media":"","overlay-type":"","overlay-color":"","overlay-gradient":""},"tablet":{"background-color":"var(--ast-global-color-5)","background-image":"","background-repeat":"repeat","background-position":"center center","background-size":"auto","background-attachment":"scroll","background-type":"","background-media":"","overlay-type":"","overlay-color":"","overlay-gradient":""},"mobile":{"background-color":"var(--ast-global-color-5)","background-image":"","background-repeat":"repeat","background-position":"center center","background-size":"auto","background-attachment":"scroll","background-type":"","background-media":"","overlay-type":"","overlay-color":"","overlay-gradient":""}},"footnotes":""},"_links":{"self":[{"href":"https:\/\/www.ergelis.com\/en\/wp-json\/wp\/v2\/pages\/345"}],"collection":[{"href":"https:\/\/www.ergelis.com\/en\/wp-json\/wp\/v2\/pages"}],"about":[{"href":"https:\/\/www.ergelis.com\/en\/wp-json\/wp\/v2\/types\/page"}],"author":[{"embeddable":true,"href":"https:\/\/www.ergelis.com\/en\/wp-json\/wp\/v2\/users\/1"}],"replies":[{"embeddable":true,"href":"https:\/\/www.ergelis.com\/en\/wp-json\/wp\/v2\/comments?post=345"}],"version-history":[{"count":5,"href":"https:\/\/www.ergelis.com\/en\/wp-json\/wp\/v2\/pages\/345\/revisions"}],"predecessor-version":[{"id":432,"href":"https:\/\/www.ergelis.com\/en\/wp-json\/wp\/v2\/pages\/345\/revisions\/432"}],"wp:attachment":[{"href":"https:\/\/www.ergelis.com\/en\/wp-json\/wp\/v2\/media?parent=345"}],"curies":[{"name":"wp","href":"https:\/\/api.w.org\/{rel}","templated":true}]}}